{"id":139,"date":"2012-07-15T11:45:53","date_gmt":"2012-07-15T11:45:53","guid":{"rendered":"http:\/\/go-soma.de\/?page_id=139"},"modified":"2016-03-05T10:33:03","modified_gmt":"2016-03-05T10:33:03","slug":"about","status":"publish","type":"page","link":"http:\/\/go-soma.de\/?page_id=139","title":{"rendered":"About"},"content":{"rendered":"<p>Uwe Stritzel<\/p>\n<p>Diplom Sozialp\u00e4dagoge (FH) | Multimediadidaktik M.A.<\/p>\n<p>Lehrkraft mit besonderen Aufgaben | Medien und Medienp\u00e4dagogik in der Sozialen Arbeit | <a href=\"https:\/\/www.oth-regensburg.de\/fakultaeten\/angewandte-sozial-und-gesundheitswissenschaften.html\">Fakult\u00e4t f\u00fcr angewandte Sozial- und Gesundheitswissenschaften OTH-Rgensburg<\/a><\/p>\n<p>Schwerpunkte:<\/p>\n<ul>\n<li>Mediatisierung<\/li>\n<li>Aktive Medienarbeit<\/li>\n<li>Projektarbeit &amp; Projektmanagement<\/li>\n<li>Multimediadidaktik<\/li>\n<li>\u00c4sthetik des Sozialen<\/li>\n<li>Medien, Aneignung und Raum<\/li>\n<\/ul>\n<p>Diese Seite ist ein (B)Logbuch mit Sammlungen von Inhalten rund um die Themen Medienbildung, Medienp\u00e4dagogik, Mediendidaktik, Netzkultur, \u00c4sthetik, Kunst und Raum.<br \/>\nWeiterhin ist es meine Experimentieroberfl\u00e4che f\u00fcr WordPress plugIns etc.. Von daher kann es hier manchmal ein bisschen nach Baustelle aussehen oder auch eine zeitlang nichts passieren.<\/p>\n<p>Kontakt:<br \/>\nsoma[at]go-soma.de<\/p>\n","protected":false},"excerpt":{"rendered":"<p>Uwe Stritzel Diplom Sozialp\u00e4dagoge (FH) | Multimediadidaktik M.A. Lehrkraft mit besonderen Aufgaben | Medien und Medienp\u00e4dagogik in der Sozialen Arbeit | Fakult\u00e4t f\u00fcr angewandte Sozial- und Gesundheitswissenschaften OTH-Rgensburg Schwerpunkte: Mediatisierung Aktive Medienarbeit Projektarbeit &amp; Projektmanagement Multimediadidaktik \u00c4sthetik des Sozialen Medien, Aneignung und Raum Diese Seite ist ein (B)Logbuch mit Sammlungen von Inhalten rund um die&hellip; <a class=\"more-link\" href=\"http:\/\/go-soma.de\/?page_id=139\"><span class=\"screen-reader-text\">About<\/span> weiterlesen<\/a><\/p>\n","protected":false},"author":2,"featured_media":293,"parent":0,"menu_order":1,"comment_status":"open","ping_status":"closed","template":"","meta":[],"_links":{"self":[{"href":"http:\/\/go-soma.de\/index.php?rest_route=\/wp\/v2\/pages\/139"}],"collection":[{"href":"http:\/\/go-soma.de\/index.php?rest_route=\/wp\/v2\/pages"}],"about":[{"href":"http:\/\/go-soma.de\/index.php?rest_route=\/wp\/v2\/types\/page"}],"author":[{"embeddable":true,"href":"http:\/\/go-soma.de\/index.php?rest_route=\/wp\/v2\/users\/2"}],"replies":[{"embeddable":true,"href":"http:\/\/go-soma.de\/index.php?rest_route=%2Fwp%2Fv2%2Fcomments&post=139"}],"version-history":[{"count":10,"href":"http:\/\/go-soma.de\/index.php?rest_route=\/wp\/v2\/pages\/139\/revisions"}],"predecessor-version":[{"id":382,"href":"http:\/\/go-soma.de\/index.php?rest_route=\/wp\/v2\/pages\/139\/revisions\/382"}],"wp:featuredmedia":[{"embeddable":true,"href":"http:\/\/go-soma.de\/index.php?rest_route=\/wp\/v2\/media\/293"}],"wp:attachment":[{"href":"http:\/\/go-soma.de\/index.php?rest_route=%2Fwp%2Fv2%2Fmedia&parent=139"}],"curies":[{"name":"wp","href":"https:\/\/api.w.org\/{rel}","templated":true}]}}